{"id":31,"date":"2017-10-25T11:10:25","date_gmt":"2017-10-25T10:10:25","guid":{"rendered":"http:\/\/ceiplosaranones.catedu.es\/?page_id=31"},"modified":"2024-09-11T11:14:08","modified_gmt":"2024-09-11T10:14:08","slug":"claustro","status":"publish","type":"page","link":"https:\/\/ceiplosaranones.catedu.es\/?page_id=31","title":{"rendered":"Claustro"},"content":{"rendered":"<p>[:es]<\/p>\n<p style=\"text-align: center;\"><span style=\"font-family: 'comic sans ms', sans-serif; font-size: 14pt;\"><strong>Equipo Directivo<\/strong><\/span><a href=\"http:\/\/ceiplosaranones.catedu.es\/?attachment_id=386\" rel=\"attachment wp-att-386\"><img loading=\"lazy\" decoding=\"async\" class=\"aligncenter  wp-image-386\" src=\"http:\/\/ceiplosaranones.catedu.es\/wp-content\/uploads\/sites\/\/sites\/58\/2021\/01\/Leyre-2.png\" alt=\"\" width=\"157\" height=\"157\" srcset=\"https:\/\/ceiplosaranones.catedu.es\/wp-content\/uploads\/sites\/58\/2021\/01\/Leyre-2.png 400w, https:\/\/ceiplosaranones.catedu.es\/wp-content\/uploads\/sites\/58\/2021\/01\/Leyre-2-300x300.png 300w, https:\/\/ceiplosaranones.catedu.es\/wp-content\/uploads\/sites\/58\/2021\/01\/Leyre-2-150x150.png 150w, https:\/\/ceiplosaranones.catedu.es\/wp-content\/uploads\/sites\/58\/2021\/01\/Leyre-2-186x185.png 186w, https:\/\/ceiplosaranones.catedu.es\/wp-content\/uploads\/sites\/58\/2021\/01\/Leyre-2-220x220.png 220w, https:\/\/ceiplosaranones.catedu.es\/wp-content\/uploads\/sites\/58\/2021\/01\/Leyre-2-60x60.png 60w\" sizes=\"auto, (max-width: 157px) 100vw, 157px\" \/><\/a><\/p>\n<p style=\"text-align: center;\"><span style=\"font-family: 'comic sans ms', sans-serif;\">Leyre Jim\u00e9nez Soto<\/span><\/p>\n<p style=\"text-align: center;\"><span style=\"font-size: 14pt;\"><strong><span style=\"font-family: 'comic sans ms', sans-serif;\">Maestro de Infantil<\/span><\/strong><\/span><\/p>\n<p style=\"text-align: center;\"><span style=\"font-family: 'comic sans ms', sans-serif;\">Nieves Bartolom\u00e9 Garc\u00eda\u00a0<\/span><\/p>\n<p style=\"text-align: center;\"><span style=\"font-size: 14pt;\"><strong><span style=\"font-family: 'comic sans ms', sans-serif;\">Especialista de Educaci\u00f3n F\u00edsica<\/span><\/strong><\/span><a href=\"http:\/\/ceiplosaranones.catedu.es\/?attachment_id=386\" rel=\"attachment wp-att-386\"><img loading=\"lazy\" decoding=\"async\" class=\"aligncenter  wp-image-386\" src=\"http:\/\/ceiplosaranones.catedu.es\/wp-content\/uploads\/sites\/\/sites\/58\/2021\/01\/Leyre-2.png\" alt=\"\" width=\"158\" height=\"158\" srcset=\"https:\/\/ceiplosaranones.catedu.es\/wp-content\/uploads\/sites\/58\/2021\/01\/Leyre-2.png 400w, https:\/\/ceiplosaranones.catedu.es\/wp-content\/uploads\/sites\/58\/2021\/01\/Leyre-2-300x300.png 300w, https:\/\/ceiplosaranones.catedu.es\/wp-content\/uploads\/sites\/58\/2021\/01\/Leyre-2-150x150.png 150w, https:\/\/ceiplosaranones.catedu.es\/wp-content\/uploads\/sites\/58\/2021\/01\/Leyre-2-186x185.png 186w, https:\/\/ceiplosaranones.catedu.es\/wp-content\/uploads\/sites\/58\/2021\/01\/Leyre-2-220x220.png 220w, https:\/\/ceiplosaranones.catedu.es\/wp-content\/uploads\/sites\/58\/2021\/01\/Leyre-2-60x60.png 60w\" sizes=\"auto, (max-width: 158px) 100vw, 158px\" \/><\/a><\/p>\n<p style=\"text-align: center;\"><span style=\"font-family: 'comic sans ms', sans-serif;\">Leyre Jim\u00e9nez Soto<\/span><\/p>\n<p style=\"text-align: center;\"><span style=\"font-size: 14pt;\"><strong><span style=\"font-family: 'comic sans ms', sans-serif;\">Especialista de Ingl\u00e9s<\/span><\/strong><\/span><a href=\"http:\/\/ceiplosaranones.catedu.es\/?attachment_id=385\" rel=\"attachment wp-att-385\"><img loading=\"lazy\" decoding=\"async\" class=\"aligncenter  wp-image-385\" src=\"http:\/\/ceiplosaranones.catedu.es\/wp-content\/uploads\/sites\/\/sites\/58\/2021\/01\/Eva.png\" alt=\"\" width=\"158\" height=\"158\" srcset=\"https:\/\/ceiplosaranones.catedu.es\/wp-content\/uploads\/sites\/58\/2021\/01\/Eva.png 400w, https:\/\/ceiplosaranones.catedu.es\/wp-content\/uploads\/sites\/58\/2021\/01\/Eva-300x300.png 300w, https:\/\/ceiplosaranones.catedu.es\/wp-content\/uploads\/sites\/58\/2021\/01\/Eva-150x150.png 150w, https:\/\/ceiplosaranones.catedu.es\/wp-content\/uploads\/sites\/58\/2021\/01\/Eva-186x185.png 186w, https:\/\/ceiplosaranones.catedu.es\/wp-content\/uploads\/sites\/58\/2021\/01\/Eva-220x220.png 220w, https:\/\/ceiplosaranones.catedu.es\/wp-content\/uploads\/sites\/58\/2021\/01\/Eva-60x60.png 60w\" sizes=\"auto, (max-width: 158px) 100vw, 158px\" \/><\/a><\/p>\n<p style=\"text-align: center;\"><span style=\"font-family: 'comic sans ms', sans-serif;\">Eva Lesaga Llopis<\/span><\/p>\n<p style=\"text-align: center;\"><span style=\"font-size: 14pt;\"><strong><span style=\"font-family: 'comic sans ms', sans-serif;\">Especialista de M\u00fasica<\/span><\/strong><\/span><\/p>\n<p style=\"text-align: center;\"><span style=\"font-family: 'comic sans ms', sans-serif;\">Ra\u00fal L\u00f3pez Varela<\/span><\/p>\n<p style=\"text-align: center;\"><span style=\"font-size: 14pt;\"><strong><span style=\"font-family: 'comic sans ms', sans-serif;\">Colaboradora Biling\u00fce<\/span><\/strong><\/span><img loading=\"lazy\" decoding=\"async\" class=\"aligncenter wp-image-542\" src=\"http:\/\/ceiplosaranones.catedu.es\/wp-content\/uploads\/sites\/\/sites\/58\/2021\/09\/myAvatar-300x300.png\" alt=\"\" width=\"157\" height=\"157\" srcset=\"https:\/\/ceiplosaranones.catedu.es\/wp-content\/uploads\/sites\/58\/2021\/09\/myAvatar-300x300.png 300w, https:\/\/ceiplosaranones.catedu.es\/wp-content\/uploads\/sites\/58\/2021\/09\/myAvatar-150x150.png 150w, https:\/\/ceiplosaranones.catedu.es\/wp-content\/uploads\/sites\/58\/2021\/09\/myAvatar-186x185.png 186w, https:\/\/ceiplosaranones.catedu.es\/wp-content\/uploads\/sites\/58\/2021\/09\/myAvatar-220x220.png 220w, https:\/\/ceiplosaranones.catedu.es\/wp-content\/uploads\/sites\/58\/2021\/09\/myAvatar-60x60.png 60w, https:\/\/ceiplosaranones.catedu.es\/wp-content\/uploads\/sites\/58\/2021\/09\/myAvatar.png 400w\" sizes=\"auto, (max-width: 157px) 100vw, 157px\" \/><\/p>\n<p style=\"text-align: center;\"><span style=\"font-family: 'comic sans ms', sans-serif;\">Paula Mora Az\u00f3n<\/span><\/p>\n<p>[:fr]<\/p>\n<p style=\"text-align: center;\"><span style=\"font-family: 'comic sans ms', sans-serif; font-size: 14pt;\"><strong>Equipe de Direction<\/strong><\/span><a href=\"http:\/\/ceiplosaranones.catedu.es\/?attachment_id=381\" rel=\"attachment wp-att-381\"><img loading=\"lazy\" decoding=\"async\" class=\"aligncenter  wp-image-381\" src=\"http:\/\/ceiplosaranones.catedu.es\/wp-content\/uploads\/sites\/\/sites\/58\/2021\/01\/Leyre-1.png\" alt=\"\" width=\"158\" height=\"158\" srcset=\"https:\/\/ceiplosaranones.catedu.es\/wp-content\/uploads\/sites\/58\/2021\/01\/Leyre-1.png 400w, https:\/\/ceiplosaranones.catedu.es\/wp-content\/uploads\/sites\/58\/2021\/01\/Leyre-1-300x300.png 300w, https:\/\/ceiplosaranones.catedu.es\/wp-content\/uploads\/sites\/58\/2021\/01\/Leyre-1-150x150.png 150w, https:\/\/ceiplosaranones.catedu.es\/wp-content\/uploads\/sites\/58\/2021\/01\/Leyre-1-186x185.png 186w, https:\/\/ceiplosaranones.catedu.es\/wp-content\/uploads\/sites\/58\/2021\/01\/Leyre-1-220x220.png 220w, https:\/\/ceiplosaranones.catedu.es\/wp-content\/uploads\/sites\/58\/2021\/01\/Leyre-1-60x60.png 60w\" sizes=\"auto, (max-width: 158px) 100vw, 158px\" \/><\/a><\/p>\n<p style=\"text-align: center;\"><span style=\"font-family: 'comic sans ms', sans-serif;\">Leyre Jim\u00e9nez Soto\u00a0<\/span><\/p>\n<p style=\"text-align: center;\"><span style=\"font-size: 14pt;\"><strong><span style=\"font-family: 'comic sans ms', sans-serif;\">Institutrice de Maternelle<\/span><\/strong><\/span><a href=\"http:\/\/ceiplosaranones.catedu.es\/?attachment_id=387\" rel=\"attachment wp-att-387\"><img loading=\"lazy\" decoding=\"async\" class=\"aligncenter  wp-image-387\" src=\"http:\/\/ceiplosaranones.catedu.es\/wp-content\/uploads\/sites\/\/sites\/58\/2021\/01\/Raquel.png\" alt=\"\" width=\"158\" height=\"158\" srcset=\"https:\/\/ceiplosaranones.catedu.es\/wp-content\/uploads\/sites\/58\/2021\/01\/Raquel.png 400w, https:\/\/ceiplosaranones.catedu.es\/wp-content\/uploads\/sites\/58\/2021\/01\/Raquel-300x300.png 300w, https:\/\/ceiplosaranones.catedu.es\/wp-content\/uploads\/sites\/58\/2021\/01\/Raquel-150x150.png 150w, https:\/\/ceiplosaranones.catedu.es\/wp-content\/uploads\/sites\/58\/2021\/01\/Raquel-186x185.png 186w, https:\/\/ceiplosaranones.catedu.es\/wp-content\/uploads\/sites\/58\/2021\/01\/Raquel-220x220.png 220w, https:\/\/ceiplosaranones.catedu.es\/wp-content\/uploads\/sites\/58\/2021\/01\/Raquel-60x60.png 60w\" sizes=\"auto, (max-width: 158px) 100vw, 158px\" \/><\/a><\/p>\n<p style=\"text-align: center;\"><span style=\"font-family: 'comic sans ms', sans-serif;\">Nieves Bartolom\u00e9 Garc\u00eda<\/span><\/p>\n<p style=\"text-align: center;\"><span style=\"font-size: 14pt;\"><strong><span style=\"font-family: 'comic sans ms', sans-serif;\">Sp\u00e9cialiste en \u00c9ducation Physique<\/span><\/strong><\/span><a href=\"http:\/\/ceiplosaranones.catedu.es\/?attachment_id=380\" rel=\"attachment wp-att-380\"><img loading=\"lazy\" decoding=\"async\" class=\"aligncenter  wp-image-380\" src=\"http:\/\/ceiplosaranones.catedu.es\/wp-content\/uploads\/sites\/\/sites\/58\/2021\/01\/Leyre.png\" alt=\"\" width=\"158\" height=\"158\" srcset=\"https:\/\/ceiplosaranones.catedu.es\/wp-content\/uploads\/sites\/58\/2021\/01\/Leyre.png 400w, https:\/\/ceiplosaranones.catedu.es\/wp-content\/uploads\/sites\/58\/2021\/01\/Leyre-300x300.png 300w, https:\/\/ceiplosaranones.catedu.es\/wp-content\/uploads\/sites\/58\/2021\/01\/Leyre-150x150.png 150w, https:\/\/ceiplosaranones.catedu.es\/wp-content\/uploads\/sites\/58\/2021\/01\/Leyre-186x185.png 186w, https:\/\/ceiplosaranones.catedu.es\/wp-content\/uploads\/sites\/58\/2021\/01\/Leyre-220x220.png 220w, https:\/\/ceiplosaranones.catedu.es\/wp-content\/uploads\/sites\/58\/2021\/01\/Leyre-60x60.png 60w\" sizes=\"auto, (max-width: 158px) 100vw, 158px\" \/><\/a><\/p>\n<p style=\"text-align: center;\"><span style=\"font-family: 'comic sans ms', sans-serif;\">Leyre Jim\u00e9nez Soto<\/span><\/p>\n<p style=\"text-align: center;\"><span style=\"font-size: 14pt;\"><strong><span style=\"font-family: 'comic sans ms', sans-serif;\">Sp\u00e9cialiste D&#8217;Anglais<\/span><\/strong><\/span><a href=\"http:\/\/ceiplosaranones.catedu.es\/?attachment_id=385\" rel=\"attachment wp-att-385\"><img loading=\"lazy\" decoding=\"async\" class=\"aligncenter  wp-image-385\" src=\"http:\/\/ceiplosaranones.catedu.es\/wp-content\/uploads\/sites\/\/sites\/58\/2021\/01\/Eva.png\" alt=\"\" width=\"158\" height=\"158\" srcset=\"https:\/\/ceiplosaranones.catedu.es\/wp-content\/uploads\/sites\/58\/2021\/01\/Eva.png 400w, https:\/\/ceiplosaranones.catedu.es\/wp-content\/uploads\/sites\/58\/2021\/01\/Eva-300x300.png 300w, https:\/\/ceiplosaranones.catedu.es\/wp-content\/uploads\/sites\/58\/2021\/01\/Eva-150x150.png 150w, https:\/\/ceiplosaranones.catedu.es\/wp-content\/uploads\/sites\/58\/2021\/01\/Eva-186x185.png 186w, https:\/\/ceiplosaranones.catedu.es\/wp-content\/uploads\/sites\/58\/2021\/01\/Eva-220x220.png 220w, https:\/\/ceiplosaranones.catedu.es\/wp-content\/uploads\/sites\/58\/2021\/01\/Eva-60x60.png 60w\" sizes=\"auto, (max-width: 158px) 100vw, 158px\" \/><\/a><\/p>\n<p style=\"text-align: center;\"><span style=\"font-family: 'comic sans ms', sans-serif;\">Eva Lesaga Llopis<\/span><\/p>\n<p style=\"text-align: center;\"><span style=\"font-size: 14pt;\"><strong><span style=\"font-family: 'comic sans ms', sans-serif;\">Sp\u00e9cialiste en Musique<\/span><\/strong><\/span><a href=\"http:\/\/ceiplosaranones.catedu.es\/?attachment_id=382\" rel=\"attachment wp-att-382\"><img loading=\"lazy\" decoding=\"async\" class=\"aligncenter  wp-image-382\" src=\"http:\/\/ceiplosaranones.catedu.es\/wp-content\/uploads\/sites\/\/sites\/58\/2021\/01\/Carmen.png\" alt=\"\" width=\"158\" height=\"158\" srcset=\"https:\/\/ceiplosaranones.catedu.es\/wp-content\/uploads\/sites\/58\/2021\/01\/Carmen.png 400w, https:\/\/ceiplosaranones.catedu.es\/wp-content\/uploads\/sites\/58\/2021\/01\/Carmen-300x300.png 300w, https:\/\/ceiplosaranones.catedu.es\/wp-content\/uploads\/sites\/58\/2021\/01\/Carmen-150x150.png 150w, https:\/\/ceiplosaranones.catedu.es\/wp-content\/uploads\/sites\/58\/2021\/01\/Carmen-186x185.png 186w, https:\/\/ceiplosaranones.catedu.es\/wp-content\/uploads\/sites\/58\/2021\/01\/Carmen-220x220.png 220w, https:\/\/ceiplosaranones.catedu.es\/wp-content\/uploads\/sites\/58\/2021\/01\/Carmen-60x60.png 60w\" sizes=\"auto, (max-width: 158px) 100vw, 158px\" \/><\/a><\/p>\n<p style=\"text-align: center;\"><span style=\"font-family: 'comic sans ms', sans-serif;\">Ra\u00fal L\u00f3pez Varela <\/span><\/p>\n<p style=\"text-align: center;\"><span style=\"font-size: 14pt;\"><strong><span style=\"font-family: 'comic sans ms', sans-serif;\">Collaboratrice Bilingue<\/span><\/strong><\/span><img loading=\"lazy\" decoding=\"async\" class=\"aligncenter wp-image-542\" src=\"http:\/\/ceiplosaranones.catedu.es\/wp-content\/uploads\/sites\/\/sites\/58\/2021\/09\/myAvatar-150x150.png\" alt=\"\" width=\"157\" height=\"157\" srcset=\"https:\/\/ceiplosaranones.catedu.es\/wp-content\/uploads\/sites\/58\/2021\/09\/myAvatar-150x150.png 150w, https:\/\/ceiplosaranones.catedu.es\/wp-content\/uploads\/sites\/58\/2021\/09\/myAvatar-300x300.png 300w, https:\/\/ceiplosaranones.catedu.es\/wp-content\/uploads\/sites\/58\/2021\/09\/myAvatar-186x185.png 186w, https:\/\/ceiplosaranones.catedu.es\/wp-content\/uploads\/sites\/58\/2021\/09\/myAvatar-220x220.png 220w, https:\/\/ceiplosaranones.catedu.es\/wp-content\/uploads\/sites\/58\/2021\/09\/myAvatar-60x60.png 60w, https:\/\/ceiplosaranones.catedu.es\/wp-content\/uploads\/sites\/58\/2021\/09\/myAvatar.png 400w\" sizes=\"auto, (max-width: 157px) 100vw, 157px\" \/><\/p>\n<p style=\"text-align: center;\"><span style=\"font-family: 'comic sans ms', sans-serif;\">Paula Mora Az\u00f3n <\/span><\/p>\n<p>[:]<\/p>\n","protected":false},"excerpt":{"rendered":"<p>[:es] Equipo Directivo Leyre Jim\u00e9nez Soto Maestro de Infantil Nieves Bartolom\u00e9 Garc\u00eda\u00a0 Especialista de Educaci\u00f3n F\u00edsica Leyre Jim\u00e9nez Soto Especialista de Ingl\u00e9s Eva Lesaga Llopis Especialista de M\u00fasica Ra\u00fal L\u00f3pez Varela Colaboradora Biling\u00fce Paula Mora Az\u00f3n [:fr] Equipe de Direction &hellip; <\/p>\n","protected":false},"author":163,"featured_media":0,"parent":10,"menu_order":4,"comment_status":"closed","ping_status":"closed","template":"","meta":{"_monsterinsights_skip_tracking":false,"_monsterinsights_sitenote_active":false,"_monsterinsights_sitenote_note":"","_monsterinsights_sitenote_category":0,"footnotes":""},"class_list":["post-31","page","type-page","status-publish","hentry"],"_links":{"self":[{"href":"https:\/\/ceiplosaranones.catedu.es\/index.php?rest_route=\/wp\/v2\/pages\/31","targetHints":{"allow":["GET"]}}],"collection":[{"href":"https:\/\/ceiplosaranones.catedu.es\/index.php?rest_route=\/wp\/v2\/pages"}],"about":[{"href":"https:\/\/ceiplosaranones.catedu.es\/index.php?rest_route=\/wp\/v2\/types\/page"}],"author":[{"embeddable":true,"href":"https:\/\/ceiplosaranones.catedu.es\/index.php?rest_route=\/wp\/v2\/users\/163"}],"replies":[{"embeddable":true,"href":"https:\/\/ceiplosaranones.catedu.es\/index.php?rest_route=%2Fwp%2Fv2%2Fcomments&post=31"}],"version-history":[{"count":17,"href":"https:\/\/ceiplosaranones.catedu.es\/index.php?rest_route=\/wp\/v2\/pages\/31\/revisions"}],"predecessor-version":[{"id":709,"href":"https:\/\/ceiplosaranones.catedu.es\/index.php?rest_route=\/wp\/v2\/pages\/31\/revisions\/709"}],"up":[{"embeddable":true,"href":"https:\/\/ceiplosaranones.catedu.es\/index.php?rest_route=\/wp\/v2\/pages\/10"}],"wp:attachment":[{"href":"https:\/\/ceiplosaranones.catedu.es\/index.php?rest_route=%2Fwp%2Fv2%2Fmedia&parent=31"}],"curies":[{"name":"wp","href":"https:\/\/api.w.org\/{rel}","templated":true}]}}