{"id":49,"date":"2017-10-25T11:45:21","date_gmt":"2017-10-25T10:45:21","guid":{"rendered":"http:\/\/ceiplosaranones.catedu.es\/?page_id=49"},"modified":"2022-06-02T12:25:33","modified_gmt":"2022-06-02T11:25:33","slug":"comedor-escolar","status":"publish","type":"page","link":"https:\/\/ceiplosaranones.catedu.es\/?page_id=49","title":{"rendered":"Comedor escolar"},"content":{"rendered":"\n<div class=\"wp-block-group\"><div class=\"wp-block-group__inner-container is-layout-flow wp-block-group-is-layout-flow\">\n<p style=\"text-align: center;\"><img loading=\"lazy\" decoding=\"async\" class=\"alignnone wp-image-341 size-full\" src=\"http:\/\/ceiplosaranones.catedu.es\/wp-content\/uploads\/sites\/58\/2019\/06\/normativa.jpg\" alt=\"\" width=\"290\" height=\"174\" \/><\/p>\n<p style=\"text-align: center;\"><a href=\"http:\/\/ceiplosaranones.catedu.es\/?attachment_id=342\" rel=\"attachment wp-att-342\">Protocolo de 30 de abril de 2019, de seguimiento y\u00a0 evaluaci\u00f3n de la calidad de la prestaci\u00f3n del servicio de comedor\u00a0escolar y de vigilancia y atenci\u00f3n al alumnado en los centros<\/a><\/p>\n<p style=\"text-align: center;\"><img loading=\"lazy\" decoding=\"async\" class=\"alignnone wp-image-221 size-medium\" style=\"text-align: center;\" src=\"http:\/\/ceiplosaranones.catedu.es\/wp-content\/uploads\/sites\/58\/2017\/10\/menu-300x117.png\" alt=\"\" width=\"300\" height=\"117\" srcset=\"https:\/\/ceiplosaranones.catedu.es\/wp-content\/uploads\/sites\/58\/2017\/10\/menu-300x117.png 300w, https:\/\/ceiplosaranones.catedu.es\/wp-content\/uploads\/sites\/58\/2017\/10\/menu.png 375w\" sizes=\"auto, (max-width: 300px) 100vw, 300px\" \/><\/p>\n<p style=\"text-align: center;\"><a href=\"http:\/\/ceiplosaranones.catedu.es\/wp-content\/uploads\/sites\/58\/2022\/06\/Menu-Junio.pdf\">Men\u00fa Junio<\/a><\/p>\n<p style=\"text-align: center;\"><strong><span style=\"color: #000000;\">El pasado curso escolar 2020\/21 se desarroll\u00f3 un proyecto solidario de reciclaje.<\/span><\/strong><\/p>\n<p>El fin \u00faltimo de este proyecto ha sido que los ni\u00f1os y ni\u00f1as conocieran las diferentes asociaciones que existen en su entorno y que trabajan para conseguir una mejor sociedad, m\u00e1s solidaria.<\/p>\n<p>Esto se consigui\u00f3 por medio de un taller solidario, en el que a trav\u00e9s de la utilizaci\u00f3n de un producto de desecho como son las c\u00e1psulas de caf\u00e9 y el esfuerzo y trabajo de los alumnos del colegio durante las horas de comedor en las que no se pueda salir al exterior a jugar, se consigui\u00f3 un producto elaborado original y manufacturado.<\/p>\n<p>Estos productos se vendieron en mercadillos puntuales y los beneficios fueron donados a las asociaciones seleccionadas.<\/p>\n<\/div><\/div>\n\n\n","protected":false},"excerpt":{"rendered":"<p>Protocolo de 30 de abril de 2019, de seguimiento y\u00a0 evaluaci\u00f3n de la calidad de la prestaci\u00f3n del servicio de comedor\u00a0escolar y de vigilancia y atenci\u00f3n al alumnado en los centros Men\u00fa Junio El pasado curso escolar 2020\/21 se desarroll\u00f3 &hellip; <\/p>\n","protected":false},"author":163,"featured_media":0,"parent":47,"menu_order":0,"comment_status":"closed","ping_status":"closed","template":"","meta":{"_monsterinsights_skip_tracking":false,"_monsterinsights_sitenote_active":false,"_monsterinsights_sitenote_note":"","_monsterinsights_sitenote_category":0,"footnotes":""},"class_list":["post-49","page","type-page","status-publish","hentry"],"_links":{"self":[{"href":"https:\/\/ceiplosaranones.catedu.es\/index.php?rest_route=\/wp\/v2\/pages\/49","targetHints":{"allow":["GET"]}}],"collection":[{"href":"https:\/\/ceiplosaranones.catedu.es\/index.php?rest_route=\/wp\/v2\/pages"}],"about":[{"href":"https:\/\/ceiplosaranones.catedu.es\/index.php?rest_route=\/wp\/v2\/types\/page"}],"author":[{"embeddable":true,"href":"https:\/\/ceiplosaranones.catedu.es\/index.php?rest_route=\/wp\/v2\/users\/163"}],"replies":[{"embeddable":true,"href":"https:\/\/ceiplosaranones.catedu.es\/index.php?rest_route=%2Fwp%2Fv2%2Fcomments&post=49"}],"version-history":[{"count":61,"href":"https:\/\/ceiplosaranones.catedu.es\/index.php?rest_route=\/wp\/v2\/pages\/49\/revisions"}],"predecessor-version":[{"id":673,"href":"https:\/\/ceiplosaranones.catedu.es\/index.php?rest_route=\/wp\/v2\/pages\/49\/revisions\/673"}],"up":[{"embeddable":true,"href":"https:\/\/ceiplosaranones.catedu.es\/index.php?rest_route=\/wp\/v2\/pages\/47"}],"wp:attachment":[{"href":"https:\/\/ceiplosaranones.catedu.es\/index.php?rest_route=%2Fwp%2Fv2%2Fmedia&parent=49"}],"curies":[{"name":"wp","href":"https:\/\/api.w.org\/{rel}","templated":true}]}}